{"id":7204,"date":"2022-09-08T05:33:01","date_gmt":"2022-09-08T05:33:01","guid":{"rendered":"https:\/\/themegenix.net\/wp\/suxnix\/?page_id=87"},"modified":"2025-05-06T20:33:40","modified_gmt":"2025-05-06T20:33:40","slug":"contacto","status":"publish","type":"page","link":"https:\/\/goldforestglobal.com\/republica-dominicana\/contacto\/","title":{"rendered":"Contacto"},"content":{"rendered":"\t\t<div data-elementor-type=\"wp-page\" data-elementor-id=\"7204\" class=\"elementor elementor-7204\">\n\t\t\t\t\t\t\t\t\t<section class=\"elementor-section elementor-top-section elementor-element elementor-element-b7b2079 elementor-section-full_width elementor-section-height-default elementor-section-height-default\" data-id=\"b7b2079\" data-element_type=\"section\">\n\t\t\t\t\t\t<div class=\"elementor-container elementor-column-gap-no\">\n\t\t\t\t\t<div class=\"elementor-column elementor-col-100 elementor-top-column elementor-element elementor-element-f87c9fe\" data-id=\"f87c9fe\" data-element_type=\"column\">\n\t\t\t<div class=\"elementor-widget-wrap elementor-element-populated\">\n\t\t\t\t\t\t\t\t<div class=\"elementor-element elementor-element-6702840 elementor-widget elementor-widget-contact-info\" data-id=\"6702840\" data-element_type=\"widget\" data-widget_type=\"contact-info.default\">\n\t\t\t\t<div class=\"elementor-widget-container\">\n\t\t\t\r\n        <!-- contact-area -->\r\n        <section class=\"contact-area\">\r\n            <div class=\"container\">\r\n                <div class=\"contact-box-wrapper\">\r\n                    <div class=\"row justify-content-center\">\r\n\r\n                                                <div class=\"col-lg-4 col-md-6 col-sm-9\">\r\n                            <div class=\"contact-box\">\r\n                                <div class=\"contact-icon\">\r\n                                    <span class=\"overlay-icon\"><i class=\"fas fa-check\"><\/i><\/span>\r\n                                    \r\n                                                                                    <i aria-hidden=\"true\" class=\"far fa-map\"><\/i>                                        \r\n                                    \r\n                                <\/div>\r\n                                <div class=\"contact-content\">\r\n\r\n                                                                            <h5 class=\"title\">Direcci\u00f3n<\/h5>\r\n                                    \r\n                                                                            <p class=\"contact-desc\">Rep\u00fablica Dominicana<\/p>\r\n                                    \r\n                                <\/div>\r\n                            <\/div>\r\n                        <\/div>\r\n                                                <div class=\"col-lg-4 col-md-6 col-sm-9\">\r\n                            <div class=\"contact-box\">\r\n                                <div class=\"contact-icon\">\r\n                                    <span class=\"overlay-icon\"><i class=\"fas fa-check\"><\/i><\/span>\r\n                                    \r\n                                                                                    <i aria-hidden=\"true\" class=\"fas fa-phone\"><\/i>                                        \r\n                                    \r\n                                <\/div>\r\n                                <div class=\"contact-content\">\r\n\r\n                                                                            <h5 class=\"title\">Tel\u00e9fono<\/h5>\r\n                                    \r\n                                                                            <p class=\"contact-desc\">+502 5618 8884<\/p>\r\n                                    \r\n                                <\/div>\r\n                            <\/div>\r\n                        <\/div>\r\n                                                <div class=\"col-lg-4 col-md-6 col-sm-9\">\r\n                            <div class=\"contact-box\">\r\n                                <div class=\"contact-icon\">\r\n                                    <span class=\"overlay-icon\"><i class=\"fas fa-check\"><\/i><\/span>\r\n                                    \r\n                                                                                    <i aria-hidden=\"true\" class=\"fas fa-globe\"><\/i>                                        \r\n                                    \r\n                                <\/div>\r\n                                <div class=\"contact-content\">\r\n\r\n                                                                            <h5 class=\"title\">Correo<\/h5>\r\n                                    \r\n                                                                            <p class=\"contact-desc\">gerencia@goldforestglobal.com<\/p>\r\n                                    \r\n                                <\/div>\r\n                            <\/div>\r\n                        <\/div>\r\n                        \r\n                    <\/div>\r\n                <\/div>\r\n            <\/div>\r\n        <\/section>\r\n        <!-- contact-area-end -->\r\n\r\n        <!-- contact-form-end -->\r\n        <section class=\"contact-form-area\">\r\n            <div class=\"container\">\r\n                <div class=\"row\">\r\n                    <div class=\"col-xl-6\">\r\n                        <div id=\"contact-map\">\r\n                            <iframe loading=\"lazy\" src=\"https:\/\/www.google.com\/maps\/embed?pb=!1m18!1m12!1m3!1d1935315.490277142!2d-71.44941360412874!3d18.667896635161753!2m3!1f0!2f0!3f0!3m2!1i1024!2i768!4f13.1!3m3!1m2!1s0x8eaf8838def1b6f5%3A0xa6020f24060df7e0!2sRep%C3%BAblica%20Dominicana!5e0!3m2!1ses!2sec!4v1693618135308!5m2!1ses!2sec\" width=\"600\" height=\"450\"><\/iframe>                        <\/div>\r\n                    <\/div>\r\n                    <div class=\"col-xl-6\">\r\n                        <div class=\"contact-form-wrap\">\r\n                                                            <div class=\"section-title mb-50\">\r\n\r\n                                                                        <p class=\"sub-title\">.. Env\u00edanos un mensaje ..<\/p>\r\n                                    \r\n                                    <h2 class=\"title\">Respondemos en breve<\/h2>\r\n                                <\/div>\r\n                            \r\n                            \n<div class=\"wpcf7 no-js\" id=\"wpcf7-f269-o1\" lang=\"en-US\" dir=\"ltr\" data-wpcf7-id=\"269\">\n<div class=\"screen-reader-response\"><p role=\"status\" aria-live=\"polite\" aria-atomic=\"true\"><\/p> <ul><\/ul><\/div>\n<form action=\"\/republica-dominicana\/wp-json\/wp\/v2\/pages\/7204#wpcf7-f269-o1\" method=\"post\" class=\"wpcf7-form init\" aria-label=\"Contact form\" novalidate=\"novalidate\" data-status=\"init\">\n<fieldset class=\"hidden-fields-container\"><input type=\"hidden\" name=\"_wpcf7\" value=\"269\" \/><input type=\"hidden\" name=\"_wpcf7_version\" value=\"6.1.5\" \/><input type=\"hidden\" name=\"_wpcf7_locale\" value=\"en_US\" \/><input type=\"hidden\" name=\"_wpcf7_unit_tag\" value=\"wpcf7-f269-o1\" \/><input type=\"hidden\" name=\"_wpcf7_container_post\" value=\"0\" \/><input type=\"hidden\" name=\"_wpcf7_posted_data_hash\" value=\"\" \/>\n<\/fieldset>\n<div class=\"contact-form\">\n    <div class=\"row\">\n        <div class=\"col-md-6\">\n            <div class=\"form-grp\">\n                <label for=\"full-name\">Nombres<\/label>\n                <span class=\"wpcf7-form-control-wrap\" data-name=\"your-name\"><input size=\"40\" maxlength=\"400\" class=\"wpcf7-form-control wpcf7-text wpcf7-validates-as-required\" id=\"full-name\" aria-required=\"true\" aria-invalid=\"false\" placeholder=\"Ingresa tus nombres\" value=\"\" type=\"text\" name=\"your-name\" \/><\/span>\n            <\/div>\n        <\/div>\n        <div class=\"col-md-6\">\n            <div class=\"form-grp\">\n                <label for=\"email\">Correo electr\u00f3nico<\/label>\n                <span class=\"wpcf7-form-control-wrap\" data-name=\"your-email\"><input size=\"40\" maxlength=\"400\" class=\"wpcf7-form-control wpcf7-email wpcf7-validates-as-required wpcf7-text wpcf7-validates-as-email\" id=\"email\" aria-required=\"true\" aria-invalid=\"false\" placeholder=\"Ingresa tu correo\" value=\"\" type=\"email\" name=\"your-email\" \/><\/span>\n        <\/div>\n    <\/div>\n    <span class=\"wpcf7-form-control-wrap\" data-name=\"your-subject\"><select class=\"wpcf7-form-control wpcf7-select wpcf7-validates-as-required form-select\" aria-required=\"true\" aria-invalid=\"false\" name=\"your-subject\"><option value=\"Requerimiento **\">Requerimiento **<\/option><option value=\"Consulta\">Consulta<\/option><option value=\"Quiero comprar un producto\">Quiero comprar un producto<\/option><\/select><\/span>\n    <div class=\"form-grp\">\n        <label for=\"message\">Mensaje<\/label>\n        <span class=\"wpcf7-form-control-wrap\" data-name=\"your-message\"><textarea cols=\"40\" rows=\"10\" maxlength=\"2000\" class=\"wpcf7-form-control wpcf7-textarea\" id=\"message\" aria-invalid=\"false\" placeholder=\"Ingresa tu mensaje\" name=\"your-message\"><\/textarea><\/span>\n    <\/div>\n    <div class=\"form-btn\">\n        <input class=\"wpcf7-form-control wpcf7-submit has-spinner btn\" type=\"submit\" value=\"Envia tu mensaje\" \/>\n    <\/div>\n<\/div><div class=\"wpcf7-response-output\" aria-hidden=\"true\"><\/div>\n<\/form>\n<\/div>\n\r\n                        <\/div>\r\n                    <\/div>\r\n                <\/div>\r\n            <\/div>\r\n        <\/section>\r\n        <!-- contact-form-area-end -->\r\n\r\n    \t\t<\/div>\n\t\t\t\t<\/div>\n\t\t\t\t\t<\/div>\n\t\t<\/div>\n\t\t\t\t\t\t\t<\/div>\n\t\t<\/section>\n\t\t\t\t\t\t\t<\/div>\n\t\t","protected":false},"excerpt":{"rendered":"<p>Direcci\u00f3n Rep\u00fablica Dominicana Tel\u00e9fono +502 5618 8884 Correo gerencia@goldforestglobal.com .. Env\u00edanos un mensaje .. Respondemos en breve Nombres Correo electr\u00f3nico Requerimiento **ConsultaQuiero comprar un producto Mensaje<\/p>\n","protected":false},"author":1,"featured_media":0,"parent":0,"menu_order":0,"comment_status":"closed","ping_status":"closed","template":"elementor_header_footer","meta":{"_joinchat":[],"footnotes":""},"class_list":["post-7204","page","type-page","status-publish","hentry"],"yoast_head":"<!-- This site is optimized with the Yoast SEO plugin v27.4 - https:\/\/yoast.com\/product\/yoast-seo-wordpress\/ -->\n<title>Contacto - Global Gold Forest<\/title>\n<meta name=\"description\" content=\"Nuestros Productos Fortalecen el sistema inmunol\u00f3gico, mejoran la calidad del sue\u00f1o, reducen las posibilidades de desarrollar enfermedades y promueven la p\u00e9rdida de peso.\" \/>\n<meta name=\"robots\" content=\"index, follow, max-snippet:-1, max-image-preview:large, max-video-preview:-1\" \/>\n<link rel=\"canonical\" href=\"https:\/\/goldforestglobal.com\/republica-dominicana\/contacto\/\" \/>\n<meta property=\"og:locale\" content=\"es_ES\" \/>\n<meta property=\"og:type\" content=\"article\" \/>\n<meta property=\"og:title\" content=\"Contacto - Global Gold Forest\" \/>\n<meta property=\"og:description\" content=\"Nuestros Productos Fortalecen el sistema inmunol\u00f3gico, mejoran la calidad del sue\u00f1o, reducen las posibilidades de desarrollar enfermedades y promueven la p\u00e9rdida de peso.\" \/>\n<meta property=\"og:url\" content=\"https:\/\/goldforestglobal.com\/republica-dominicana\/contacto\/\" \/>\n<meta property=\"og:site_name\" content=\"Global Gold Forest\" \/>\n<meta property=\"article:modified_time\" content=\"2025-05-06T20:33:40+00:00\" \/>\n<meta name=\"twitter:card\" content=\"summary_large_image\" \/>\n<meta name=\"twitter:label1\" content=\"Tiempo de lectura\" \/>\n\t<meta name=\"twitter:data1\" content=\"1 minuto\" \/>\n<script type=\"application\/ld+json\" class=\"yoast-schema-graph\">{\"@context\":\"https:\\\/\\\/schema.org\",\"@graph\":[{\"@type\":\"WebPage\",\"@id\":\"https:\\\/\\\/goldforestglobal.com\\\/republica-dominicana\\\/contacto\\\/\",\"url\":\"https:\\\/\\\/goldforestglobal.com\\\/republica-dominicana\\\/contacto\\\/\",\"name\":\"Contacto - Global Gold Forest\",\"isPartOf\":{\"@id\":\"https:\\\/\\\/goldforestglobal.com\\\/republica-dominicana\\\/#website\"},\"datePublished\":\"2022-09-08T05:33:01+00:00\",\"dateModified\":\"2025-05-06T20:33:40+00:00\",\"description\":\"Nuestros Productos Fortalecen el sistema inmunol\u00f3gico, mejoran la calidad del sue\u00f1o, reducen las posibilidades de desarrollar enfermedades y promueven la p\u00e9rdida de peso.\",\"breadcrumb\":{\"@id\":\"https:\\\/\\\/goldforestglobal.com\\\/republica-dominicana\\\/contacto\\\/#breadcrumb\"},\"inLanguage\":\"es\",\"potentialAction\":[{\"@type\":\"ReadAction\",\"target\":[\"https:\\\/\\\/goldforestglobal.com\\\/republica-dominicana\\\/contacto\\\/\"]}]},{\"@type\":\"BreadcrumbList\",\"@id\":\"https:\\\/\\\/goldforestglobal.com\\\/republica-dominicana\\\/contacto\\\/#breadcrumb\",\"itemListElement\":[{\"@type\":\"ListItem\",\"position\":1,\"name\":\"Portada\",\"item\":\"https:\\\/\\\/goldforestglobal.com\\\/republica-dominicana\\\/\"},{\"@type\":\"ListItem\",\"position\":2,\"name\":\"Contacto\"}]},{\"@type\":\"WebSite\",\"@id\":\"https:\\\/\\\/goldforestglobal.com\\\/republica-dominicana\\\/#website\",\"url\":\"https:\\\/\\\/goldforestglobal.com\\\/republica-dominicana\\\/\",\"name\":\"Global Gold Forest\",\"description\":\"Productos Naturales\",\"publisher\":{\"@id\":\"https:\\\/\\\/goldforestglobal.com\\\/republica-dominicana\\\/#organization\"},\"potentialAction\":[{\"@type\":\"SearchAction\",\"target\":{\"@type\":\"EntryPoint\",\"urlTemplate\":\"https:\\\/\\\/goldforestglobal.com\\\/republica-dominicana\\\/?s={search_term_string}\"},\"query-input\":{\"@type\":\"PropertyValueSpecification\",\"valueRequired\":true,\"valueName\":\"search_term_string\"}}],\"inLanguage\":\"es\"},{\"@type\":\"Organization\",\"@id\":\"https:\\\/\\\/goldforestglobal.com\\\/republica-dominicana\\\/#organization\",\"name\":\"Global Gold Forest\",\"url\":\"https:\\\/\\\/goldforestglobal.com\\\/republica-dominicana\\\/\",\"logo\":{\"@type\":\"ImageObject\",\"inLanguage\":\"es\",\"@id\":\"https:\\\/\\\/goldforestglobal.com\\\/republica-dominicana\\\/#\\\/schema\\\/logo\\\/image\\\/\",\"url\":\"https:\\\/\\\/goldforestglobal.com\\\/republica-dominicana\\\/wp-content\\\/uploads\\\/2023\\\/04\\\/Logotipo-Gold-Forest-Negro-Dorado.png\",\"contentUrl\":\"https:\\\/\\\/goldforestglobal.com\\\/republica-dominicana\\\/wp-content\\\/uploads\\\/2023\\\/04\\\/Logotipo-Gold-Forest-Negro-Dorado.png\",\"width\":234,\"height\":254,\"caption\":\"Global Gold Forest\"},\"image\":{\"@id\":\"https:\\\/\\\/goldforestglobal.com\\\/republica-dominicana\\\/#\\\/schema\\\/logo\\\/image\\\/\"}}]}<\/script>\n<!-- \/ Yoast SEO plugin. -->","yoast_head_json":{"title":"Contacto - Global Gold Forest","description":"Nuestros Productos Fortalecen el sistema inmunol\u00f3gico, mejoran la calidad del sue\u00f1o, reducen las posibilidades de desarrollar enfermedades y promueven la p\u00e9rdida de peso.","robots":{"index":"index","follow":"follow","max-snippet":"max-snippet:-1","max-image-preview":"max-image-preview:large","max-video-preview":"max-video-preview:-1"},"canonical":"https:\/\/goldforestglobal.com\/republica-dominicana\/contacto\/","og_locale":"es_ES","og_type":"article","og_title":"Contacto - Global Gold Forest","og_description":"Nuestros Productos Fortalecen el sistema inmunol\u00f3gico, mejoran la calidad del sue\u00f1o, reducen las posibilidades de desarrollar enfermedades y promueven la p\u00e9rdida de peso.","og_url":"https:\/\/goldforestglobal.com\/republica-dominicana\/contacto\/","og_site_name":"Global Gold Forest","article_modified_time":"2025-05-06T20:33:40+00:00","twitter_card":"summary_large_image","twitter_misc":{"Tiempo de lectura":"1 minuto"},"schema":{"@context":"https:\/\/schema.org","@graph":[{"@type":"WebPage","@id":"https:\/\/goldforestglobal.com\/republica-dominicana\/contacto\/","url":"https:\/\/goldforestglobal.com\/republica-dominicana\/contacto\/","name":"Contacto - Global Gold Forest","isPartOf":{"@id":"https:\/\/goldforestglobal.com\/republica-dominicana\/#website"},"datePublished":"2022-09-08T05:33:01+00:00","dateModified":"2025-05-06T20:33:40+00:00","description":"Nuestros Productos Fortalecen el sistema inmunol\u00f3gico, mejoran la calidad del sue\u00f1o, reducen las posibilidades de desarrollar enfermedades y promueven la p\u00e9rdida de peso.","breadcrumb":{"@id":"https:\/\/goldforestglobal.com\/republica-dominicana\/contacto\/#breadcrumb"},"inLanguage":"es","potentialAction":[{"@type":"ReadAction","target":["https:\/\/goldforestglobal.com\/republica-dominicana\/contacto\/"]}]},{"@type":"BreadcrumbList","@id":"https:\/\/goldforestglobal.com\/republica-dominicana\/contacto\/#breadcrumb","itemListElement":[{"@type":"ListItem","position":1,"name":"Portada","item":"https:\/\/goldforestglobal.com\/republica-dominicana\/"},{"@type":"ListItem","position":2,"name":"Contacto"}]},{"@type":"WebSite","@id":"https:\/\/goldforestglobal.com\/republica-dominicana\/#website","url":"https:\/\/goldforestglobal.com\/republica-dominicana\/","name":"Global Gold Forest","description":"Productos Naturales","publisher":{"@id":"https:\/\/goldforestglobal.com\/republica-dominicana\/#organization"},"potentialAction":[{"@type":"SearchAction","target":{"@type":"EntryPoint","urlTemplate":"https:\/\/goldforestglobal.com\/republica-dominicana\/?s={search_term_string}"},"query-input":{"@type":"PropertyValueSpecification","valueRequired":true,"valueName":"search_term_string"}}],"inLanguage":"es"},{"@type":"Organization","@id":"https:\/\/goldforestglobal.com\/republica-dominicana\/#organization","name":"Global Gold Forest","url":"https:\/\/goldforestglobal.com\/republica-dominicana\/","logo":{"@type":"ImageObject","inLanguage":"es","@id":"https:\/\/goldforestglobal.com\/republica-dominicana\/#\/schema\/logo\/image\/","url":"https:\/\/goldforestglobal.com\/republica-dominicana\/wp-content\/uploads\/2023\/04\/Logotipo-Gold-Forest-Negro-Dorado.png","contentUrl":"https:\/\/goldforestglobal.com\/republica-dominicana\/wp-content\/uploads\/2023\/04\/Logotipo-Gold-Forest-Negro-Dorado.png","width":234,"height":254,"caption":"Global Gold Forest"},"image":{"@id":"https:\/\/goldforestglobal.com\/republica-dominicana\/#\/schema\/logo\/image\/"}}]}},"_links":{"self":[{"href":"https:\/\/goldforestglobal.com\/republica-dominicana\/wp-json\/wp\/v2\/pages\/7204","targetHints":{"allow":["GET"]}}],"collection":[{"href":"https:\/\/goldforestglobal.com\/republica-dominicana\/wp-json\/wp\/v2\/pages"}],"about":[{"href":"https:\/\/goldforestglobal.com\/republica-dominicana\/wp-json\/wp\/v2\/types\/page"}],"author":[{"embeddable":true,"href":"https:\/\/goldforestglobal.com\/republica-dominicana\/wp-json\/wp\/v2\/users\/1"}],"replies":[{"embeddable":true,"href":"https:\/\/goldforestglobal.com\/republica-dominicana\/wp-json\/wp\/v2\/comments?post=7204"}],"version-history":[{"count":20,"href":"https:\/\/goldforestglobal.com\/republica-dominicana\/wp-json\/wp\/v2\/pages\/7204\/revisions"}],"predecessor-version":[{"id":7649,"href":"https:\/\/goldforestglobal.com\/republica-dominicana\/wp-json\/wp\/v2\/pages\/7204\/revisions\/7649"}],"wp:attachment":[{"href":"https:\/\/goldforestglobal.com\/republica-dominicana\/wp-json\/wp\/v2\/media?parent=7204"}],"curies":[{"name":"wp","href":"https:\/\/api.w.org\/{rel}","templated":true}]}}