{"id":1538,"date":"2023-05-08T20:46:32","date_gmt":"2023-05-08T20:46:32","guid":{"rendered":"https:\/\/goldforestglobal.com\/guatemala\/?post_type=product&#038;p=1538"},"modified":"2023-09-02T01:20:25","modified_gmt":"2023-09-02T01:20:25","slug":"novaprosta","status":"publish","type":"product","link":"https:\/\/goldforestglobal.com\/republica-dominicana\/producto\/novaprosta\/","title":{"rendered":"Novaprosta"},"content":{"rendered":"","protected":false},"excerpt":{"rendered":"<p>Novaprosta es un producto dise\u00f1ado para el cuidado de la pr\u00f3stata, que se elabora con ingredientes naturales que puedan ayudar a mejorar la salud de la pr\u00f3stata. Este producto est\u00e1 formulado para reducir los s\u00edntomas asociados con las enfermedades de la pr\u00f3stata, como la inflamaci\u00f3n, el agrandamiento y las molestias al orinar.<\/p>\n","protected":false},"featured_media":7545,"comment_status":"open","ping_status":"closed","template":"","meta":{"_joinchat":[]},"product_brand":[],"product_cat":[52],"product_tag":[],"class_list":{"0":"post-1538","1":"product","2":"type-product","3":"status-publish","4":"has-post-thumbnail","6":"product_cat-productos-naturales","8":"first","9":"instock","10":"shipping-taxable","11":"product-type-simple"},"yoast_head":"<!-- This site is optimized with the Yoast SEO plugin v27.4 - https:\/\/yoast.com\/product\/yoast-seo-wordpress\/ -->\n<title>Novaprosta - Global Gold Forest<\/title>\n<meta name=\"robots\" content=\"index, follow, max-snippet:-1, max-image-preview:large, max-video-preview:-1\" \/>\n<link rel=\"canonical\" href=\"https:\/\/goldforestglobal.com\/republica-dominicana\/producto\/novaprosta\/\" \/>\n<meta property=\"og:locale\" content=\"es_ES\" \/>\n<meta property=\"og:type\" content=\"article\" \/>\n<meta property=\"og:title\" content=\"Novaprosta - Global Gold Forest\" \/>\n<meta property=\"og:description\" content=\"Novaprosta es un producto dise\u00f1ado para el cuidado de la pr\u00f3stata, que se elabora con ingredientes naturales que puedan ayudar a mejorar la salud de la pr\u00f3stata. Este producto est\u00e1 formulado para reducir los s\u00edntomas asociados con las enfermedades de la pr\u00f3stata, como la inflamaci\u00f3n, el agrandamiento y las molestias al orinar.\" \/>\n<meta property=\"og:url\" content=\"https:\/\/goldforestglobal.com\/republica-dominicana\/producto\/novaprosta\/\" \/>\n<meta property=\"og:site_name\" content=\"Global Gold Forest\" \/>\n<meta property=\"article:modified_time\" content=\"2023-09-02T01:20:25+00:00\" \/>\n<meta property=\"og:image\" content=\"https:\/\/goldforestglobal.com\/republica-dominicana\/wp-content\/uploads\/2023\/05\/novaprosta-3.jpg\" \/>\n\t<meta property=\"og:image:width\" content=\"1000\" \/>\n\t<meta property=\"og:image:height\" content=\"1000\" \/>\n\t<meta property=\"og:image:type\" content=\"image\/jpeg\" \/>\n<meta name=\"twitter:card\" content=\"summary_large_image\" \/>\n<script type=\"application\/ld+json\" class=\"yoast-schema-graph\">{\"@context\":\"https:\\\/\\\/schema.org\",\"@graph\":[{\"@type\":\"WebPage\",\"@id\":\"https:\\\/\\\/goldforestglobal.com\\\/republica-dominicana\\\/producto\\\/novaprosta\\\/\",\"url\":\"https:\\\/\\\/goldforestglobal.com\\\/republica-dominicana\\\/producto\\\/novaprosta\\\/\",\"name\":\"Novaprosta - Global Gold Forest\",\"isPartOf\":{\"@id\":\"https:\\\/\\\/goldforestglobal.com\\\/republica-dominicana\\\/#website\"},\"primaryImageOfPage\":{\"@id\":\"https:\\\/\\\/goldforestglobal.com\\\/republica-dominicana\\\/producto\\\/novaprosta\\\/#primaryimage\"},\"image\":{\"@id\":\"https:\\\/\\\/goldforestglobal.com\\\/republica-dominicana\\\/producto\\\/novaprosta\\\/#primaryimage\"},\"thumbnailUrl\":\"https:\\\/\\\/goldforestglobal.com\\\/republica-dominicana\\\/wp-content\\\/uploads\\\/2023\\\/05\\\/novaprosta-3.jpg\",\"datePublished\":\"2023-05-08T20:46:32+00:00\",\"dateModified\":\"2023-09-02T01:20:25+00:00\",\"breadcrumb\":{\"@id\":\"https:\\\/\\\/goldforestglobal.com\\\/republica-dominicana\\\/producto\\\/novaprosta\\\/#breadcrumb\"},\"inLanguage\":\"es\",\"potentialAction\":[{\"@type\":\"ReadAction\",\"target\":[\"https:\\\/\\\/goldforestglobal.com\\\/republica-dominicana\\\/producto\\\/novaprosta\\\/\"]}]},{\"@type\":\"ImageObject\",\"inLanguage\":\"es\",\"@id\":\"https:\\\/\\\/goldforestglobal.com\\\/republica-dominicana\\\/producto\\\/novaprosta\\\/#primaryimage\",\"url\":\"https:\\\/\\\/goldforestglobal.com\\\/republica-dominicana\\\/wp-content\\\/uploads\\\/2023\\\/05\\\/novaprosta-3.jpg\",\"contentUrl\":\"https:\\\/\\\/goldforestglobal.com\\\/republica-dominicana\\\/wp-content\\\/uploads\\\/2023\\\/05\\\/novaprosta-3.jpg\",\"width\":1000,\"height\":1000},{\"@type\":\"BreadcrumbList\",\"@id\":\"https:\\\/\\\/goldforestglobal.com\\\/republica-dominicana\\\/producto\\\/novaprosta\\\/#breadcrumb\",\"itemListElement\":[{\"@type\":\"ListItem\",\"position\":1,\"name\":\"Portada\",\"item\":\"https:\\\/\\\/goldforestglobal.com\\\/republica-dominicana\\\/\"},{\"@type\":\"ListItem\",\"position\":2,\"name\":\"Shop\",\"item\":\"https:\\\/\\\/goldforestglobal.com\\\/republica-dominicana\\\/shop\\\/\"},{\"@type\":\"ListItem\",\"position\":3,\"name\":\"Novaprosta\"}]},{\"@type\":\"WebSite\",\"@id\":\"https:\\\/\\\/goldforestglobal.com\\\/republica-dominicana\\\/#website\",\"url\":\"https:\\\/\\\/goldforestglobal.com\\\/republica-dominicana\\\/\",\"name\":\"Global Gold Forest\",\"description\":\"Productos Naturales\",\"publisher\":{\"@id\":\"https:\\\/\\\/goldforestglobal.com\\\/republica-dominicana\\\/#organization\"},\"potentialAction\":[{\"@type\":\"SearchAction\",\"target\":{\"@type\":\"EntryPoint\",\"urlTemplate\":\"https:\\\/\\\/goldforestglobal.com\\\/republica-dominicana\\\/?s={search_term_string}\"},\"query-input\":{\"@type\":\"PropertyValueSpecification\",\"valueRequired\":true,\"valueName\":\"search_term_string\"}}],\"inLanguage\":\"es\"},{\"@type\":\"Organization\",\"@id\":\"https:\\\/\\\/goldforestglobal.com\\\/republica-dominicana\\\/#organization\",\"name\":\"Global Gold Forest\",\"url\":\"https:\\\/\\\/goldforestglobal.com\\\/republica-dominicana\\\/\",\"logo\":{\"@type\":\"ImageObject\",\"inLanguage\":\"es\",\"@id\":\"https:\\\/\\\/goldforestglobal.com\\\/republica-dominicana\\\/#\\\/schema\\\/logo\\\/image\\\/\",\"url\":\"https:\\\/\\\/goldforestglobal.com\\\/republica-dominicana\\\/wp-content\\\/uploads\\\/2023\\\/04\\\/Logotipo-Gold-Forest-Negro-Dorado.png\",\"contentUrl\":\"https:\\\/\\\/goldforestglobal.com\\\/republica-dominicana\\\/wp-content\\\/uploads\\\/2023\\\/04\\\/Logotipo-Gold-Forest-Negro-Dorado.png\",\"width\":234,\"height\":254,\"caption\":\"Global Gold Forest\"},\"image\":{\"@id\":\"https:\\\/\\\/goldforestglobal.com\\\/republica-dominicana\\\/#\\\/schema\\\/logo\\\/image\\\/\"}}]}<\/script>\n<!-- \/ Yoast SEO plugin. -->","yoast_head_json":{"title":"Novaprosta - Global Gold Forest","robots":{"index":"index","follow":"follow","max-snippet":"max-snippet:-1","max-image-preview":"max-image-preview:large","max-video-preview":"max-video-preview:-1"},"canonical":"https:\/\/goldforestglobal.com\/republica-dominicana\/producto\/novaprosta\/","og_locale":"es_ES","og_type":"article","og_title":"Novaprosta - Global Gold Forest","og_description":"Novaprosta es un producto dise\u00f1ado para el cuidado de la pr\u00f3stata, que se elabora con ingredientes naturales que puedan ayudar a mejorar la salud de la pr\u00f3stata. Este producto est\u00e1 formulado para reducir los s\u00edntomas asociados con las enfermedades de la pr\u00f3stata, como la inflamaci\u00f3n, el agrandamiento y las molestias al orinar.","og_url":"https:\/\/goldforestglobal.com\/republica-dominicana\/producto\/novaprosta\/","og_site_name":"Global Gold Forest","article_modified_time":"2023-09-02T01:20:25+00:00","og_image":[{"width":1000,"height":1000,"url":"https:\/\/goldforestglobal.com\/republica-dominicana\/wp-content\/uploads\/2023\/05\/novaprosta-3.jpg","type":"image\/jpeg"}],"twitter_card":"summary_large_image","schema":{"@context":"https:\/\/schema.org","@graph":[{"@type":"WebPage","@id":"https:\/\/goldforestglobal.com\/republica-dominicana\/producto\/novaprosta\/","url":"https:\/\/goldforestglobal.com\/republica-dominicana\/producto\/novaprosta\/","name":"Novaprosta - Global Gold Forest","isPartOf":{"@id":"https:\/\/goldforestglobal.com\/republica-dominicana\/#website"},"primaryImageOfPage":{"@id":"https:\/\/goldforestglobal.com\/republica-dominicana\/producto\/novaprosta\/#primaryimage"},"image":{"@id":"https:\/\/goldforestglobal.com\/republica-dominicana\/producto\/novaprosta\/#primaryimage"},"thumbnailUrl":"https:\/\/goldforestglobal.com\/republica-dominicana\/wp-content\/uploads\/2023\/05\/novaprosta-3.jpg","datePublished":"2023-05-08T20:46:32+00:00","dateModified":"2023-09-02T01:20:25+00:00","breadcrumb":{"@id":"https:\/\/goldforestglobal.com\/republica-dominicana\/producto\/novaprosta\/#breadcrumb"},"inLanguage":"es","potentialAction":[{"@type":"ReadAction","target":["https:\/\/goldforestglobal.com\/republica-dominicana\/producto\/novaprosta\/"]}]},{"@type":"ImageObject","inLanguage":"es","@id":"https:\/\/goldforestglobal.com\/republica-dominicana\/producto\/novaprosta\/#primaryimage","url":"https:\/\/goldforestglobal.com\/republica-dominicana\/wp-content\/uploads\/2023\/05\/novaprosta-3.jpg","contentUrl":"https:\/\/goldforestglobal.com\/republica-dominicana\/wp-content\/uploads\/2023\/05\/novaprosta-3.jpg","width":1000,"height":1000},{"@type":"BreadcrumbList","@id":"https:\/\/goldforestglobal.com\/republica-dominicana\/producto\/novaprosta\/#breadcrumb","itemListElement":[{"@type":"ListItem","position":1,"name":"Portada","item":"https:\/\/goldforestglobal.com\/republica-dominicana\/"},{"@type":"ListItem","position":2,"name":"Shop","item":"https:\/\/goldforestglobal.com\/republica-dominicana\/shop\/"},{"@type":"ListItem","position":3,"name":"Novaprosta"}]},{"@type":"WebSite","@id":"https:\/\/goldforestglobal.com\/republica-dominicana\/#website","url":"https:\/\/goldforestglobal.com\/republica-dominicana\/","name":"Global Gold Forest","description":"Productos Naturales","publisher":{"@id":"https:\/\/goldforestglobal.com\/republica-dominicana\/#organization"},"potentialAction":[{"@type":"SearchAction","target":{"@type":"EntryPoint","urlTemplate":"https:\/\/goldforestglobal.com\/republica-dominicana\/?s={search_term_string}"},"query-input":{"@type":"PropertyValueSpecification","valueRequired":true,"valueName":"search_term_string"}}],"inLanguage":"es"},{"@type":"Organization","@id":"https:\/\/goldforestglobal.com\/republica-dominicana\/#organization","name":"Global Gold Forest","url":"https:\/\/goldforestglobal.com\/republica-dominicana\/","logo":{"@type":"ImageObject","inLanguage":"es","@id":"https:\/\/goldforestglobal.com\/republica-dominicana\/#\/schema\/logo\/image\/","url":"https:\/\/goldforestglobal.com\/republica-dominicana\/wp-content\/uploads\/2023\/04\/Logotipo-Gold-Forest-Negro-Dorado.png","contentUrl":"https:\/\/goldforestglobal.com\/republica-dominicana\/wp-content\/uploads\/2023\/04\/Logotipo-Gold-Forest-Negro-Dorado.png","width":234,"height":254,"caption":"Global Gold Forest"},"image":{"@id":"https:\/\/goldforestglobal.com\/republica-dominicana\/#\/schema\/logo\/image\/"}}]}},"_links":{"self":[{"href":"https:\/\/goldforestglobal.com\/republica-dominicana\/wp-json\/wp\/v2\/product\/1538","targetHints":{"allow":["GET"]}}],"collection":[{"href":"https:\/\/goldforestglobal.com\/republica-dominicana\/wp-json\/wp\/v2\/product"}],"about":[{"href":"https:\/\/goldforestglobal.com\/republica-dominicana\/wp-json\/wp\/v2\/types\/product"}],"replies":[{"embeddable":true,"href":"https:\/\/goldforestglobal.com\/republica-dominicana\/wp-json\/wp\/v2\/comments?post=1538"}],"version-history":[{"count":2,"href":"https:\/\/goldforestglobal.com\/republica-dominicana\/wp-json\/wp\/v2\/product\/1538\/revisions"}],"predecessor-version":[{"id":1577,"href":"https:\/\/goldforestglobal.com\/republica-dominicana\/wp-json\/wp\/v2\/product\/1538\/revisions\/1577"}],"wp:featuredmedia":[{"embeddable":true,"href":"https:\/\/goldforestglobal.com\/republica-dominicana\/wp-json\/wp\/v2\/media\/7545"}],"wp:attachment":[{"href":"https:\/\/goldforestglobal.com\/republica-dominicana\/wp-json\/wp\/v2\/media?parent=1538"}],"wp:term":[{"taxonomy":"product_brand","embeddable":true,"href":"https:\/\/goldforestglobal.com\/republica-dominicana\/wp-json\/wp\/v2\/product_brand?post=1538"},{"taxonomy":"product_cat","embeddable":true,"href":"https:\/\/goldforestglobal.com\/republica-dominicana\/wp-json\/wp\/v2\/product_cat?post=1538"},{"taxonomy":"product_tag","embeddable":true,"href":"https:\/\/goldforestglobal.com\/republica-dominicana\/wp-json\/wp\/v2\/product_tag?post=1538"}],"curies":[{"name":"wp","href":"https:\/\/api.w.org\/{rel}","templated":true}]}}